{"id":187,"date":"2018-06-07T12:53:54","date_gmt":"2018-06-07T10:53:54","guid":{"rendered":"http:\/\/aspeam.fr\/?page_id=187"},"modified":"2018-06-07T12:55:16","modified_gmt":"2018-06-07T10:55:16","slug":"contact","status":"publish","type":"page","link":"https:\/\/aspeam.fr\/index.php\/contact\/","title":{"rendered":"Contact"},"content":{"rendered":"<div id=\"cscf\" class=\"cscfBlock\">\n    <div class=\"cscfMessageSent\" style=\"display:none;\">\n\t\t<h3>Message envoy\u00e9<\/h3>\n<p>Merci pour votre message, nous vous r\u00e9pondrons au plus vite. <\/p>    <\/div>\n    <div class=\"cscfMessageNotSent\" style=\"display:none;\">\n\t\t<p>D\u00e9sol\u00e9, un probl\u00e8me est survenu et votre message n&#039;a pu \u00eatre envoy\u00e9<\/p>\n    <\/div>\n    <div class=\"cscfForm\">\n        <p>Merci d&#039;entrer vos informations de contact ci-dessous, nous vous r\u00e9pondrons d\u00e8s que possible<\/p>\n\n        <form role=\"form\" id=\"frmCSCF\" name=\"frmCSCF\" method=\"post\">\n\t\t\t<input type=\"hidden\" id=\"cscf_nonce\" name=\"cscf_nonce\" value=\"3d9e90e8f7\" \/><input type=\"hidden\" name=\"_wp_http_referer\" value=\"\/index.php\/wp-json\/wp\/v2\/pages\/187\" \/>            <input type=\"hidden\" name=\"post-id\" value=\"187\">\n\n\t\t\t\n            <!-- name -->\n            <div class=\"control-group form-group\">\n                <label for=\"cscf_name\">Nom :<\/label>\n\n\n                <div class=\"\">\n\t\t\t\t\t                    <input class=\"form-control input-xlarge\"\n                           data-rule-required=\"true\"\n                           data-msg-required=\"Entrez votre nom\"\n                           type=\"text\" id=\"cscf_name\" name=\"cscf[name]\"\n                           value=\"\"\n                           placeholder=\"Votre nom\"\n                    \/>\n                <\/div>\n                <span for=\"cscf_name\" class=\"help-inline help-block error\"\n                      style=\"display:none;\">\n\n                                    <\/span>\n            <\/div>\n\n\n            <!--email address-->\n            <div class=\"control-group form-group\">\n                <label for=\"cscf_email\">Adresse e-mail :<\/label>\n\n                <div class=\"\">\n\t\t\t\t\t                    <input class=\"form-control input-xlarge\"\n                           data-rule-required=\"true\"\n                           data-rule-email=\"true\"\n                           data-msg-required=\"Entrez votre adresse e-mail\"\n                           data-msg-email=\"Entrez une adresse e-mail valide\"\n                           type=\"email\" id=\"cscf_email\" name=\"cscf[email]\"\n                           value=\"\"\n                           placeholder=\"Votre adresse e-mail\"\n                    \/>\n                <\/div>\n                <span for=\"cscf_email\" class=\"help-inline help-block error\"\n                      style=\"display:none;\">\n                                    <\/span>\n            <\/div>\n\n\t\t\t                <!--confirm email address -->\n                <div class=\"control-group form-group\">\n                    <label for=\"cscf_confirm-email\">Confirmez l&#039;adresse e-mail :<\/label>\n                    <div class=\"\">\n\t\t\t\t\t\t                        <input class=\"form-control input-xlarge\"\n                               data-rule-required=\"true\"\n                               data-rule-email=\"true\"\n                               data-rule-equalTo=\"#cscf_email\"\n                               data-msg-required=\"Merci d&#039;entrer la m\u00eame adresse e-mail.\"\n                               data-msg-email=\"Entrez une adresse e-mail valide\"\n                               data-msg-equalTo=\"Merci d&#039;entrer la m\u00eame adresse e-mail.\"\n                               type=\"email\" id=\"cscf_confirm-email\" name=\"cscf[confirm-email]\"\n                               value=\"\"\n                               placeholder=\"Confirmez votre adresse e-mail\"\n                        \/>\n                    <\/div>\n                    <span for=\"cscf_confirm-email\" class=\"help-inline help-block error\"\n                          style=\"display:none;\">\n                                    <\/span>\n                <\/div>\n\t\t\t\n\t\t\t\n\n            <!-- message -->\n            <div class=\"control-group form-group\">\n                <label for=\"cscf_message\">Message :<\/label>\n                <div class=\"\">\n\t\t\t\t\t                    <textarea class=\"form-control input-xlarge\"\n                              data-rule-required=\"true\"\n                              data-msg-required=\"Merci d&#039;entrer un message\"\n                              id=\"cscf_message\" name=\"cscf[message]\" rows=\"10\"\n                              placeholder=\"Votre message\"><\/textarea>\n                <\/div>\n\n                <span for=\"cscf_message\" class=\"help-inline help-block error\"\n                      style=\"display:none;\">\n                                    <\/span>\n            <\/div>\n\n\t\t\t\n\n\n\t\t\t\n            <!-- recaptcha -->\n\t\t\t            <input type=\"submit\" id=\"cscf_SubmitButton\" class=\"btn btn-default\"\n                   value=\"Envoyer le message\"\/>\n        <\/form>\n    <\/div>\n<\/div>\n\n","protected":false},"excerpt":{"rendered":"","protected":false},"author":1,"featured_media":0,"parent":0,"menu_order":0,"comment_status":"closed","ping_status":"closed","template":"","meta":{"footnotes":""},"jetpack_sharing_enabled":true,"_links":{"self":[{"href":"https:\/\/aspeam.fr\/index.php\/wp-json\/wp\/v2\/pages\/187"}],"collection":[{"href":"https:\/\/aspeam.fr\/index.php\/wp-json\/wp\/v2\/pages"}],"about":[{"href":"https:\/\/aspeam.fr\/index.php\/wp-json\/wp\/v2\/types\/page"}],"author":[{"embeddable":true,"href":"https:\/\/aspeam.fr\/index.php\/wp-json\/wp\/v2\/users\/1"}],"replies":[{"embeddable":true,"href":"https:\/\/aspeam.fr\/index.php\/wp-json\/wp\/v2\/comments?post=187"}],"version-history":[{"count":1,"href":"https:\/\/aspeam.fr\/index.php\/wp-json\/wp\/v2\/pages\/187\/revisions"}],"predecessor-version":[{"id":188,"href":"https:\/\/aspeam.fr\/index.php\/wp-json\/wp\/v2\/pages\/187\/revisions\/188"}],"wp:attachment":[{"href":"https:\/\/aspeam.fr\/index.php\/wp-json\/wp\/v2\/media?parent=187"}],"curies":[{"name":"wp","href":"https:\/\/api.w.org\/{rel}","templated":true}]}}