{"id":2,"date":"2018-06-01T03:54:28","date_gmt":"2018-06-01T01:54:28","guid":{"rendered":"http:\/\/aspeam.fr\/?page_id=2"},"modified":"2018-08-16T03:05:27","modified_gmt":"2018-08-16T01:05:27","slug":"page-d-exemple","status":"publish","type":"page","link":"https:\/\/aspeam.fr\/","title":{"rendered":"Accueil"},"content":{"rendered":"\t\t<div data-elementor-type=\"wp-post\" data-elementor-id=\"2\" class=\"elementor elementor-2 elementor-bc-flex-widget\">\n\t\t\t\t\t\t\t\t\t<section class=\"elementor-section elementor-top-section elementor-element elementor-element-14d3b23b elementor-section-boxed elementor-section-height-default elementor-section-height-default\" data-id=\"14d3b23b\" data-element_type=\"section\">\n\t\t\t\t\t\t<div class=\"elementor-container elementor-column-gap-default\">\n\t\t\t\t\t<div class=\"elementor-column elementor-col-100 elementor-top-column elementor-element elementor-element-21e3addb\" data-id=\"21e3addb\" data-element_type=\"column\">\n\t\t\t<div class=\"elementor-widget-wrap elementor-element-populated\">\n\t\t\t\t\t\t\t\t<div class=\"elementor-element elementor-element-53a30f97 elementor-widget elementor-widget-text-editor\" data-id=\"53a30f97\" data-element_type=\"widget\" data-widget_type=\"text-editor.default\">\n\t\t\t\t<div class=\"elementor-widget-container\">\n\t\t\t\t\t\t\t<p style=\"text-align: center;\"><em>Bienvenue sur le site Internet de l&rsquo;Association de Sauvegarde du Patrimoine Ecrit des Alpes-Maritimes.<\/em><\/p>\t\t\t\t\t\t<\/div>\n\t\t\t\t<\/div>\n\t\t\t\t\t<\/div>\n\t\t<\/div>\n\t\t\t\t\t\t\t<\/div>\n\t\t<\/section>\n\t\t\t\t<section class=\"elementor-section elementor-top-section elementor-element elementor-element-5cd9095 elementor-section-boxed elementor-section-height-default elementor-section-height-default\" data-id=\"5cd9095\" data-element_type=\"section\">\n\t\t\t\t\t\t<div class=\"elementor-container elementor-column-gap-default\">\n\t\t\t\t\t<div class=\"elementor-column elementor-col-100 elementor-top-column elementor-element elementor-element-5642599\" data-id=\"5642599\" data-element_type=\"column\">\n\t\t\t<div class=\"elementor-widget-wrap elementor-element-populated\">\n\t\t\t\t\t\t\t\t<div class=\"elementor-element elementor-element-b0ff0ce elementor-widget elementor-widget-image\" data-id=\"b0ff0ce\" data-element_type=\"widget\" data-widget_type=\"image.default\">\n\t\t\t\t<div class=\"elementor-widget-container\">\n\t\t\t\t\t\t\t\t\t\t\t\t\t\t\t\t<a href=\"http:\/\/aspeam.fr\/wp-content\/uploads\/2018\/06\/Logo-ASPEAM.png\" data-elementor-open-lightbox=\"yes\" data-elementor-lightbox-title=\"Logo ASPEAM\" data-elementor-lightbox-description=\"logo ASPEAM\" data-e-action-hash=\"#elementor-action%3Aaction%3Dlightbox%26settings%3DeyJpZCI6NSwidXJsIjoiaHR0cHM6XC9cL2FzcGVhbS5mclwvd3AtY29udGVudFwvdXBsb2Fkc1wvMjAxOFwvMDZcL0xvZ28tQVNQRUFNLnBuZyJ9\">\n\t\t\t\t\t\t\t<img loading=\"lazy\" decoding=\"async\" width=\"300\" height=\"263\" src=\"https:\/\/aspeam.fr\/wp-content\/uploads\/2018\/06\/Logo-ASPEAM-300x263.png\" class=\"attachment-medium size-medium wp-image-5\" alt=\"logo ASPEAM\" srcset=\"https:\/\/aspeam.fr\/wp-content\/uploads\/2018\/06\/Logo-ASPEAM-300x263.png 300w, https:\/\/aspeam.fr\/wp-content\/uploads\/2018\/06\/Logo-ASPEAM.png 517w\" sizes=\"(max-width: 300px) 100vw, 300px\" \/>\t\t\t\t\t\t\t\t<\/a>\n\t\t\t\t\t\t\t\t\t\t\t\t\t\t\t<\/div>\n\t\t\t\t<\/div>\n\t\t\t\t\t<\/div>\n\t\t<\/div>\n\t\t\t\t\t\t\t<\/div>\n\t\t<\/section>\n\t\t\t\t<section class=\"elementor-section elementor-top-section elementor-element elementor-element-a5d3164 elementor-section-boxed elementor-section-height-default elementor-section-height-default\" data-id=\"a5d3164\" data-element_type=\"section\">\n\t\t\t\t\t\t<div class=\"elementor-container elementor-column-gap-default\">\n\t\t\t\t\t<div class=\"elementor-column elementor-col-100 elementor-top-column elementor-element elementor-element-31babaa\" data-id=\"31babaa\" data-element_type=\"column\">\n\t\t\t<div class=\"elementor-widget-wrap elementor-element-populated\">\n\t\t\t\t\t\t\t\t<div class=\"elementor-element elementor-element-0def42b elementor-widget elementor-widget-text-editor\" data-id=\"0def42b\" data-element_type=\"widget\" data-widget_type=\"text-editor.default\">\n\t\t\t\t<div class=\"elementor-widget-container\">\n\t\t\t\t\t\t\t<p>L&rsquo;Association de Sauvegarde du Patrimoine Ecrit des Alpes-Maritimes (ASPEAM) a \u00e9t\u00e9 <strong>cr\u00e9\u00e9e en 1990 par des universitaires, archivistes, biblioth\u00e9caires, conservateurs de Mus\u00e9e et chercheurs des Alpes Maritimes<\/strong>, devant la <strong>raret\u00e9 des fonds priv\u00e9s dans les d\u00e9p\u00f4ts d\u2019archives publiques<\/strong>, et la <strong>m\u00e9connaissance habituelle de leur int\u00e9r\u00eats<\/strong>.<\/p><div>L&rsquo;ASPEAM s\u2019attache \u00e0 faire prendre conscience aux priv\u00e9s de l\u2019int\u00e9r\u00eat de leurs archives pour la connaissance de l\u2019histoire de notre d\u00e9partement. Elle les fait conna\u00eetre lors de r\u00e9unions, publications, journ\u00e9e d\u2019\u00e9tude, expositions qu\u2019elle s\u2019efforce de publier. Elle informe les d\u00e9tenteurs d\u2019archives priv\u00e9es sur les possibilit\u00e9s de d\u00e9p\u00f4t ou de dons dans les fonds publics d\u2019archives.<\/div><div>\u00a0<\/div><div>\u00a0<\/div><div>\u00a0<\/div><div>\u00a0<\/div>\t\t\t\t\t\t<\/div>\n\t\t\t\t<\/div>\n\t\t\t\t\t<\/div>\n\t\t<\/div>\n\t\t\t\t\t\t\t<\/div>\n\t\t<\/section>\n\t\t\t\t\t\t\t<\/div>\n\t\t","protected":false},"excerpt":{"rendered":"<p>Bienvenue sur le site Internet de l&rsquo;Association de Sauvegarde du Patrimoine Ecrit des Alpes-Maritimes. L&rsquo;Association de Sauvegarde du Patrimoine Ecrit des Alpes-Maritimes (ASPEAM) a \u00e9t\u00e9 cr\u00e9\u00e9e en 1990 par des universitaires, archivistes, biblioth\u00e9caires, conservateurs de Mus\u00e9e et chercheurs des Alpes Maritimes, devant la raret\u00e9 des fonds priv\u00e9s dans les d\u00e9p\u00f4ts d\u2019archives publiques, et la m\u00e9connaissance habituelle de leur int\u00e9r\u00eats. L&rsquo;ASPEAM s\u2019attache \u00e0 faire prendre conscience aux priv\u00e9s de l\u2019int\u00e9r\u00eat de leurs archives pour la connaissance de l\u2019histoire de notre d\u00e9partement. Elle les fait conna\u00eetre lors de r\u00e9unions, publications, journ\u00e9e d\u2019\u00e9tude, expositions qu\u2019elle s\u2019efforce de publier. Elle informe les d\u00e9tenteurs d\u2019archives priv\u00e9es sur les possibilit\u00e9s de d\u00e9p\u00f4t ou de dons dans les fonds publics d\u2019archives.\u00a0\u00a0\u00a0\u00a0<\/p>\n","protected":false},"author":1,"featured_media":0,"parent":0,"menu_order":0,"comment_status":"closed","ping_status":"open","template":"","meta":{"footnotes":""},"jetpack_sharing_enabled":true,"_links":{"self":[{"href":"https:\/\/aspeam.fr\/index.php\/wp-json\/wp\/v2\/pages\/2"}],"collection":[{"href":"https:\/\/aspeam.fr\/index.php\/wp-json\/wp\/v2\/pages"}],"about":[{"href":"https:\/\/aspeam.fr\/index.php\/wp-json\/wp\/v2\/types\/page"}],"author":[{"embeddable":true,"href":"https:\/\/aspeam.fr\/index.php\/wp-json\/wp\/v2\/users\/1"}],"replies":[{"embeddable":true,"href":"https:\/\/aspeam.fr\/index.php\/wp-json\/wp\/v2\/comments?post=2"}],"version-history":[{"count":18,"href":"https:\/\/aspeam.fr\/index.php\/wp-json\/wp\/v2\/pages\/2\/revisions"}],"predecessor-version":[{"id":466,"href":"https:\/\/aspeam.fr\/index.php\/wp-json\/wp\/v2\/pages\/2\/revisions\/466"}],"wp:attachment":[{"href":"https:\/\/aspeam.fr\/index.php\/wp-json\/wp\/v2\/media?parent=2"}],"curies":[{"name":"wp","href":"https:\/\/api.w.org\/{rel}","templated":true}]}}